{"id":17,"date":"2023-07-07T19:37:34","date_gmt":"2023-07-07T17:37:34","guid":{"rendered":"https:\/\/wordpress.gipice.fr\/?post_type=product&#038;p=17"},"modified":"2023-07-07T19:37:36","modified_gmt":"2023-07-07T17:37:36","slug":"donnees-memoires-des-hommes","status":"publish","type":"product","link":"https:\/\/wordpress.gipice.fr\/index.php\/produit\/donnees-memoires-des-hommes\/","title":{"rendered":"Donn\u00e9es M\u00e9moires des hommes"},"content":{"rendered":"<p>Donn\u00e9es M\u00e9moires des hommes<\/p>\n","protected":false},"excerpt":{"rendered":"<p><img decoding=\"async\" loading=\"lazy\" class=\"alignnone size-full wp-image-18\" src=\"https:\/\/wordpress.gipice.fr\/wp-content\/uploads\/2023\/07\/90766011_774538389741679_3581294424627347456_n.jpg\" alt=\"\" width=\"270\" height=\"480\" \/><\/p>\n","protected":false},"featured_media":0,"comment_status":"open","ping_status":"closed","template":"","meta":[],"product_cat":[16],"product_tag":[],"_links":{"self":[{"href":"https:\/\/wordpress.gipice.fr\/index.php\/wp-json\/wp\/v2\/product\/17"}],"collection":[{"href":"https:\/\/wordpress.gipice.fr\/index.php\/wp-json\/wp\/v2\/product"}],"about":[{"href":"https:\/\/wordpress.gipice.fr\/index.php\/wp-json\/wp\/v2\/types\/product"}],"replies":[{"embeddable":true,"href":"https:\/\/wordpress.gipice.fr\/index.php\/wp-json\/wp\/v2\/comments?post=17"}],"wp:attachment":[{"href":"https:\/\/wordpress.gipice.fr\/index.php\/wp-json\/wp\/v2\/media?parent=17"}],"wp:term":[{"taxonomy":"product_cat","embeddable":true,"href":"https:\/\/wordpress.gipice.fr\/index.php\/wp-json\/wp\/v2\/product_cat?post=17"},{"taxonomy":"product_tag","embeddable":true,"href":"https:\/\/wordpress.gipice.fr\/index.php\/wp-json\/wp\/v2\/product_tag?post=17"}],"curies":[{"name":"wp","href":"https:\/\/api.w.org\/{rel}","templated":true}]}}